{"id":518,"date":"2025-08-18T16:26:33","date_gmt":"2025-08-18T16:26:33","guid":{"rendered":"https:\/\/memodio-app.com\/?page_id=518"},"modified":"2026-01-04T06:43:26","modified_gmt":"2026-01-04T06:43:26","slug":"datenschutz","status":"publish","type":"page","link":"https:\/\/memodio-app.com\/en\/datenschutz\/","title":{"rendered":"datenschutz"},"content":{"rendered":"<div data-elementor-type=\"wp-page\" data-elementor-id=\"518\" class=\"elementor elementor-518\" data-elementor-post-type=\"page\">\n\t\t\t\t<div class=\"elementor-element elementor-element-3620db4 e-flex e-con-boxed e-con e-parent\" data-id=\"3620db4\" data-element_type=\"container\" data-e-type=\"container\">\n\t\t\t\t\t<div class=\"e-con-inner\">\n\t\t<div class=\"elementor-element elementor-element-198d447 e-con-full e-flex e-con e-child\" data-id=\"198d447\" data-element_type=\"container\" data-e-type=\"container\">\n\t\t<div class=\"elementor-element elementor-element-f86137e e-con-full e-flex e-con e-child\" data-id=\"f86137e\" data-element_type=\"container\" data-e-type=\"container\">\n\t\t\t\t<div class=\"elementor-element elementor-element-1a898bf elementor-widget elementor-widget-image\" data-id=\"1a898bf\" data-element_type=\"widget\" data-e-type=\"widget\" data-widget_type=\"image.default\">\n\t\t\t\t\t\t\t\t\t\t\t\t\t\t\t<img fetchpriority=\"high\" decoding=\"async\" width=\"530\" height=\"466\" src=\"https:\/\/memodio-app.com\/wp-content\/uploads\/2025\/08\/logo_icon_purple.svg\" class=\"attachment-medium_large size-medium_large wp-image-491\" alt=\"\" \/>\t\t\t\t\t\t\t\t\t\t\t\t\t\t\t<\/div>\n\t\t\t\t<div class=\"elementor-element elementor-element-71bdf12 elementor-widget elementor-widget-heading\" data-id=\"71bdf12\" data-element_type=\"widget\" data-e-type=\"widget\" data-widget_type=\"heading.default\">\n\t\t\t\t\t<h2 class=\"elementor-heading-title elementor-size-default\">memodio GmbH<\/h2>\t\t\t\t<\/div>\n\t\t\t\t<div class=\"elementor-element elementor-element-63a5101 elementor-widget elementor-widget-text-editor\" data-id=\"63a5101\" data-element_type=\"widget\" data-e-type=\"widget\" data-widget_type=\"text-editor.default\">\n\t\t\t\t\t\t\t\t\t<p><span style=\"color: #4a4a4a; font-family: 'Spline Sans', serif;\">memodio GmbH<\/span><br style=\"box-sizing: inherit; color: #4a4a4a; font-family: 'Spline Sans', serif;\" data-v-e03bf99f=\"\" \/><span style=\"color: #4a4a4a; font-family: 'Spline Sans', serif;\">c\/o Potsdam Transfer August-Bebel-Str. 89<\/span><br style=\"box-sizing: inherit; color: #4a4a4a; font-family: 'Spline Sans', serif;\" data-v-e03bf99f=\"\" \/><span style=\"color: #4a4a4a; font-family: 'Spline Sans', serif;\">14482 Potsdam<\/span><br style=\"box-sizing: inherit; color: #4a4a4a; font-family: 'Spline Sans', serif;\" data-v-e03bf99f=\"\" \/><span style=\"color: #4a4a4a; font-family: 'Spline Sans', serif;\">Deutschland<\/span><\/p>\t\t\t\t\t\t\t\t<\/div>\n\t\t\t\t<div class=\"elementor-element elementor-element-e647a1e elementor-widget elementor-widget-text-editor\" data-id=\"e647a1e\" data-element_type=\"widget\" data-e-type=\"widget\" data-widget_type=\"text-editor.default\">\n\t\t\t\t\t\t\t\t\t<p><span style=\"color: #4a4a4a; font-family: 'Spline Sans', serif;\">Registergericht: Amtsgericht Potsdam<\/span><br style=\"box-sizing: inherit; color: #4a4a4a; font-family: 'Spline Sans', serif;\" data-v-e03bf99f=\"\" \/><span style=\"color: #4a4a4a; font-family: 'Spline Sans', serif;\">Registernummer HRB 36139 P<\/span><br style=\"box-sizing: inherit; color: #4a4a4a; font-family: 'Spline Sans', serif;\" data-v-e03bf99f=\"\" \/><span style=\"color: #4a4a4a; font-family: 'Spline Sans', serif;\">USt-ID.: DE 351 312 294<\/span><\/p>\t\t\t\t\t\t\t\t<\/div>\n\t\t\t\t<\/div>\n\t\t<div class=\"elementor-element elementor-element-6b089dd e-con-full e-flex e-con e-child\" data-id=\"6b089dd\" data-element_type=\"container\" data-e-type=\"container\">\n\t\t\t\t<div class=\"elementor-element elementor-element-85b8ec1 elementor-widget elementor-widget-heading\" data-id=\"85b8ec1\" data-element_type=\"widget\" data-e-type=\"widget\" data-widget_type=\"heading.default\">\n\t\t\t\t\t<h1 class=\"elementor-heading-title elementor-size-default\">Datenschutzerkl\u00e4rung<\/h1>\t\t\t\t<\/div>\n\t\t\t\t<div class=\"elementor-element elementor-element-e28c85e elementor-widget elementor-widget-text-editor\" data-id=\"e28c85e\" data-element_type=\"widget\" data-e-type=\"widget\" data-widget_type=\"text-editor.default\">\n\t\t\t\t\t\t\t\t\t<p>Wir nehmen den Schutz Ihrer pers\u00f6nlichen Daten sehr ernst und m\u00f6chten Ihnen daher transparent darlegen, wie wir Ihre Daten auf unserer Website verarbeiten. Aus diesem Grund stellen wir Ihnen unsere Datenschutzerkl\u00e4rungen f\u00fcr diese Website, als auch die Datenschutzerkl\u00e4rung f\u00fcr die memodio App zur Verf\u00fcgung, die Sie hier herunterladen und einsehen k\u00f6nnen. In diesen finden Sie alle relevanten Informationen dar\u00fcber, welche personenbezogenen Daten wir erheben, wie wir sie nutzen, speichern und sch\u00fctzen sowie welche Rechte Ihnen in Bezug auf die Verarbeitung Ihrer Daten zustehen.<\/p><p>Wir legen gro\u00dfen Wert darauf, dass unsere Verarbeitung Ihrer Daten immer im Einklang mit den geltenden Datenschutzbestimmungen erfolgt und dass wir Ihre Daten ausschlie\u00dflich im Rahmen gesetzlicher Vorgaben verarbeiten. So setzen wir beispielsweise alle technischen und organisatorischen Ma\u00dfnahmen ein, um Ihre Daten bestm\u00f6glich zu sch\u00fctzen und verwenden sie nur f\u00fcr die Zwecke, f\u00fcr die sie erhoben wurden.<\/p><p>Sollten Sie dennoch Fragen oder Anliegen zu unserer Datenverarbeitung haben, k\u00f6nnen Sie sich jederzeit gerne per datenschutz@memodio-app.com an uns wenden. Wir stehen Ihnen mit Rat und Tat zur Seite und werden uns bem\u00fchen, Ihnen schnell und zuverl\u00e4ssig weiterzuhelfen.<\/p><p><span style=\"text-decoration: underline; color: #9050be;\"><a style=\"color: #9050be; text-decoration: underline;\" href=\"https:\/\/memodioh44-1dd46.kxcdn.com\/website\/datenschutz-erklaerung-12-25.pdf\" target=\"_blank\" rel=\"noopener\" download=\"\" data-v-3608148f=\"\">Hier klicken, zum Download der Datenschutzerkl\u00e4rung der memodio Website<\/a><\/span><\/p><p><span style=\"text-decoration: underline;\"><span style=\"color: #9050be; text-decoration: underline;\"><a style=\"color: #9050be; text-decoration: underline;\" href=\"https:\/\/memodioh44-1dd46.kxcdn.com\/app-content\/other\/datenschutzerklaerung-diga.pdf\" target=\"_blank\" rel=\"noopener\" download=\"\" data-v-3608148f=\"\">Hier klicken, zum Download der Datenschutzerkl\u00e4rung der memodio App<\/a><\/span><\/span><\/p>\t\t\t\t\t\t\t\t<\/div>\n\t\t\t\t<div class=\"elementor-element elementor-element-7833981 elementor-widget elementor-widget-heading\" data-id=\"7833981\" data-element_type=\"widget\" data-e-type=\"widget\" data-widget_type=\"heading.default\">\n\t\t\t\t\t<h2 class=\"elementor-heading-title elementor-size-default\">Informationssicherheitsrichtlinie<\/h2>\t\t\t\t<\/div>\n\t\t\t\t<div class=\"elementor-element elementor-element-3847dfe elementor-widget elementor-widget-text-editor\" data-id=\"3847dfe\" data-element_type=\"widget\" data-e-type=\"widget\" data-widget_type=\"text-editor.default\">\n\t\t\t\t\t\t\t\t\t<p data-v-3608148f=\"\">memodio legt gr\u00f6\u00dften Wert auf Informationssicherheit und den Schutz Ihrer sensiblen Daten. Unsere umfassenden Richtlinien zur Informationssicherheit sind darauf ausgerichtet, die Vertraulichkeit, Integrit\u00e4t und Verf\u00fcgbarkeit aller Informationen zu gew\u00e4hrleisten. Diese Richtlinien wurden entwickelt, um h\u00f6chsten Sicherheitsstandards zu entsprechen und werden kontinuierlich \u00fcberpr\u00fcft und aktualisiert, um neuen Bedrohungen und Technologien gerecht zu werden.<\/p><p data-v-3608148f=\"\">Wir laden Sie ein, unsere detaillierten Richtlinien zur Informationssicherheit herunterzuladen und sich eingehend dar\u00fcber zu informieren, wie wir Ihre Daten sch\u00fctzen und welche Ma\u00dfnahmen wir ergreifen, um Sicherheitsrisiken zu minimieren. Folgen Sie dem untenstehenden Link, um die vollst\u00e4ndige Richtlinie als PDF-Dokument herunterzuladen.<\/p><p><span style=\"color: #7050be;\"><a style=\"color: #7050be;\" href=\"https:\/\/memodioh44-1dd46.kxcdn.com\/website\/memodio-it-security-policy.pdf\" target=\"_blank\" rel=\"noopener\" download=\"\" data-v-3608148f=\"\"><span style=\"text-decoration: underline;\">Herunterladen der Informationssicherheitsrichtlinie<\/span><\/a><\/span><\/p>\t\t\t\t\t\t\t\t<\/div>\n\t\t\t\t<\/div>\n\t\t\t\t<\/div>\n\t\t\t\t\t<\/div>\n\t\t\t\t<\/div>\n\t\t\t\t<\/div>","protected":false},"excerpt":{"rendered":"<p>memodio GmbH memodio GmbHc\/o Potsdam Transfer August-Bebel-Str. 8914482 PotsdamDeutschland Registergericht: Amtsgericht PotsdamRegisternummer HRB 36139 PUSt-ID.: DE 351 312 294 Datenschutzerkl\u00e4rung Wir nehmen den Schutz Ihrer pers\u00f6nlichen Daten sehr ernst und m\u00f6chten Ihnen daher transparent darlegen, wie wir Ihre Daten auf unserer Website verarbeiten. Aus diesem Grund stellen wir Ihnen unsere Datenschutzerkl\u00e4rungen f\u00fcr diese Website, als [&hellip;]<\/p>\n","protected":false},"author":1,"featured_media":0,"parent":0,"menu_order":0,"comment_status":"closed","ping_status":"closed","template":"","meta":{"footnotes":""},"class_list":["post-518","page","type-page","status-publish","hentry"],"yoast_head":"<!-- This site is optimized with the Yoast SEO plugin v27.2 - https:\/\/yoast.com\/product\/yoast-seo-wordpress\/ -->\n<title>datenschutz - memodio<\/title>\n<meta name=\"robots\" content=\"index, follow, max-snippet:-1, max-image-preview:large, max-video-preview:-1\" \/>\n<link rel=\"canonical\" href=\"https:\/\/memodio-app.com\/en\/datenschutz\/\" \/>\n<meta property=\"og:locale\" content=\"en_US\" \/>\n<meta property=\"og:type\" content=\"article\" \/>\n<meta property=\"og:title\" content=\"datenschutz - memodio\" \/>\n<meta property=\"og:description\" content=\"memodio GmbH memodio GmbHc\/o Potsdam Transfer August-Bebel-Str. 8914482 PotsdamDeutschland Registergericht: Amtsgericht PotsdamRegisternummer HRB 36139 PUSt-ID.: DE 351 312 294 Datenschutzerkl\u00e4rung Wir nehmen den Schutz Ihrer pers\u00f6nlichen Daten sehr ernst und m\u00f6chten Ihnen daher transparent darlegen, wie wir Ihre Daten auf unserer Website verarbeiten. Aus diesem Grund stellen wir Ihnen unsere Datenschutzerkl\u00e4rungen f\u00fcr diese Website, als [&hellip;]\" \/>\n<meta property=\"og:url\" content=\"https:\/\/memodio-app.com\/en\/datenschutz\/\" \/>\n<meta property=\"og:site_name\" content=\"memodio\" \/>\n<meta property=\"article:modified_time\" content=\"2026-01-04T06:43:26+00:00\" \/>\n<meta name=\"twitter:card\" content=\"summary_large_image\" \/>\n<meta name=\"twitter:label1\" content=\"Est. reading time\" \/>\n\t<meta name=\"twitter:data1\" content=\"2 minutes\" \/>\n<script type=\"application\/ld+json\" class=\"yoast-schema-graph\">{\"@context\":\"https:\/\/schema.org\",\"@graph\":[{\"@type\":\"WebPage\",\"@id\":\"https:\/\/memodio-app.com\/datenschutz\/\",\"url\":\"https:\/\/memodio-app.com\/datenschutz\/\",\"name\":\"datenschutz - memodio\",\"isPartOf\":{\"@id\":\"https:\/\/lime-camel-596070.hostingersite.com\/#website\"},\"primaryImageOfPage\":{\"@id\":\"https:\/\/memodio-app.com\/datenschutz\/#primaryimage\"},\"image\":{\"@id\":\"https:\/\/memodio-app.com\/datenschutz\/#primaryimage\"},\"thumbnailUrl\":\"https:\/\/memodio-app.com\/wp-content\/uploads\/2025\/08\/logo_icon_purple.svg\",\"datePublished\":\"2025-08-18T16:26:33+00:00\",\"dateModified\":\"2026-01-04T06:43:26+00:00\",\"breadcrumb\":{\"@id\":\"https:\/\/memodio-app.com\/datenschutz\/#breadcrumb\"},\"inLanguage\":\"en-US\",\"potentialAction\":[{\"@type\":\"ReadAction\",\"target\":[\"https:\/\/memodio-app.com\/datenschutz\/\"]}]},{\"@type\":\"ImageObject\",\"inLanguage\":\"en-US\",\"@id\":\"https:\/\/memodio-app.com\/datenschutz\/#primaryimage\",\"url\":\"https:\/\/memodio-app.com\/wp-content\/uploads\/2025\/08\/logo_icon_purple.svg\",\"contentUrl\":\"https:\/\/memodio-app.com\/wp-content\/uploads\/2025\/08\/logo_icon_purple.svg\"},{\"@type\":\"BreadcrumbList\",\"@id\":\"https:\/\/memodio-app.com\/datenschutz\/#breadcrumb\",\"itemListElement\":[{\"@type\":\"ListItem\",\"position\":1,\"name\":\"Home\",\"item\":\"https:\/\/memodio-app.com\/\"},{\"@type\":\"ListItem\",\"position\":2,\"name\":\"datenschutz\"}]},{\"@type\":\"WebSite\",\"@id\":\"https:\/\/lime-camel-596070.hostingersite.com\/#website\",\"url\":\"https:\/\/lime-camel-596070.hostingersite.com\/\",\"name\":\"memodio\",\"description\":\"\",\"publisher\":{\"@id\":\"https:\/\/lime-camel-596070.hostingersite.com\/#organization\"},\"potentialAction\":[{\"@type\":\"SearchAction\",\"target\":{\"@type\":\"EntryPoint\",\"urlTemplate\":\"https:\/\/lime-camel-596070.hostingersite.com\/?s={search_term_string}\"},\"query-input\":{\"@type\":\"PropertyValueSpecification\",\"valueRequired\":true,\"valueName\":\"search_term_string\"}}],\"inLanguage\":\"en-US\"},{\"@type\":\"Organization\",\"@id\":\"https:\/\/lime-camel-596070.hostingersite.com\/#organization\",\"name\":\"memodio GmbH\",\"url\":\"https:\/\/lime-camel-596070.hostingersite.com\/\",\"logo\":{\"@type\":\"ImageObject\",\"inLanguage\":\"en-US\",\"@id\":\"https:\/\/lime-camel-596070.hostingersite.com\/#\/schema\/logo\/image\/\",\"url\":\"https:\/\/memodio-app.com\/wp-content\/uploads\/2025\/08\/logo_text_black.svg\",\"contentUrl\":\"https:\/\/memodio-app.com\/wp-content\/uploads\/2025\/08\/logo_text_black.svg\",\"width\":311,\"height\":64,\"caption\":\"memodio GmbH\"},\"image\":{\"@id\":\"https:\/\/lime-camel-596070.hostingersite.com\/#\/schema\/logo\/image\/\"}}]}<\/script>\n<!-- \/ Yoast SEO plugin. -->","yoast_head_json":{"title":"datenschutz - memodio","robots":{"index":"index","follow":"follow","max-snippet":"max-snippet:-1","max-image-preview":"max-image-preview:large","max-video-preview":"max-video-preview:-1"},"canonical":"https:\/\/memodio-app.com\/en\/datenschutz\/","og_locale":"en_US","og_type":"article","og_title":"datenschutz - memodio","og_description":"memodio GmbH memodio GmbHc\/o Potsdam Transfer August-Bebel-Str. 8914482 PotsdamDeutschland Registergericht: Amtsgericht PotsdamRegisternummer HRB 36139 PUSt-ID.: DE 351 312 294 Datenschutzerkl\u00e4rung Wir nehmen den Schutz Ihrer pers\u00f6nlichen Daten sehr ernst und m\u00f6chten Ihnen daher transparent darlegen, wie wir Ihre Daten auf unserer Website verarbeiten. Aus diesem Grund stellen wir Ihnen unsere Datenschutzerkl\u00e4rungen f\u00fcr diese Website, als [&hellip;]","og_url":"https:\/\/memodio-app.com\/en\/datenschutz\/","og_site_name":"memodio","article_modified_time":"2026-01-04T06:43:26+00:00","twitter_card":"summary_large_image","twitter_misc":{"Est. reading time":"2 minutes"},"schema":{"@context":"https:\/\/schema.org","@graph":[{"@type":"WebPage","@id":"https:\/\/memodio-app.com\/datenschutz\/","url":"https:\/\/memodio-app.com\/datenschutz\/","name":"datenschutz - memodio","isPartOf":{"@id":"https:\/\/lime-camel-596070.hostingersite.com\/#website"},"primaryImageOfPage":{"@id":"https:\/\/memodio-app.com\/datenschutz\/#primaryimage"},"image":{"@id":"https:\/\/memodio-app.com\/datenschutz\/#primaryimage"},"thumbnailUrl":"https:\/\/memodio-app.com\/wp-content\/uploads\/2025\/08\/logo_icon_purple.svg","datePublished":"2025-08-18T16:26:33+00:00","dateModified":"2026-01-04T06:43:26+00:00","breadcrumb":{"@id":"https:\/\/memodio-app.com\/datenschutz\/#breadcrumb"},"inLanguage":"en-US","potentialAction":[{"@type":"ReadAction","target":["https:\/\/memodio-app.com\/datenschutz\/"]}]},{"@type":"ImageObject","inLanguage":"en-US","@id":"https:\/\/memodio-app.com\/datenschutz\/#primaryimage","url":"https:\/\/memodio-app.com\/wp-content\/uploads\/2025\/08\/logo_icon_purple.svg","contentUrl":"https:\/\/memodio-app.com\/wp-content\/uploads\/2025\/08\/logo_icon_purple.svg"},{"@type":"BreadcrumbList","@id":"https:\/\/memodio-app.com\/datenschutz\/#breadcrumb","itemListElement":[{"@type":"ListItem","position":1,"name":"Home","item":"https:\/\/memodio-app.com\/"},{"@type":"ListItem","position":2,"name":"datenschutz"}]},{"@type":"WebSite","@id":"https:\/\/lime-camel-596070.hostingersite.com\/#website","url":"https:\/\/lime-camel-596070.hostingersite.com\/","name":"memodio","description":"","publisher":{"@id":"https:\/\/lime-camel-596070.hostingersite.com\/#organization"},"potentialAction":[{"@type":"SearchAction","target":{"@type":"EntryPoint","urlTemplate":"https:\/\/lime-camel-596070.hostingersite.com\/?s={search_term_string}"},"query-input":{"@type":"PropertyValueSpecification","valueRequired":true,"valueName":"search_term_string"}}],"inLanguage":"en-US"},{"@type":"Organization","@id":"https:\/\/lime-camel-596070.hostingersite.com\/#organization","name":"memodio GmbH","url":"https:\/\/lime-camel-596070.hostingersite.com\/","logo":{"@type":"ImageObject","inLanguage":"en-US","@id":"https:\/\/lime-camel-596070.hostingersite.com\/#\/schema\/logo\/image\/","url":"https:\/\/memodio-app.com\/wp-content\/uploads\/2025\/08\/logo_text_black.svg","contentUrl":"https:\/\/memodio-app.com\/wp-content\/uploads\/2025\/08\/logo_text_black.svg","width":311,"height":64,"caption":"memodio GmbH"},"image":{"@id":"https:\/\/lime-camel-596070.hostingersite.com\/#\/schema\/logo\/image\/"}}]}},"_links":{"self":[{"href":"https:\/\/memodio-app.com\/en\/wp-json\/wp\/v2\/pages\/518","targetHints":{"allow":["GET"]}}],"collection":[{"href":"https:\/\/memodio-app.com\/en\/wp-json\/wp\/v2\/pages"}],"about":[{"href":"https:\/\/memodio-app.com\/en\/wp-json\/wp\/v2\/types\/page"}],"author":[{"embeddable":true,"href":"https:\/\/memodio-app.com\/en\/wp-json\/wp\/v2\/users\/1"}],"replies":[{"embeddable":true,"href":"https:\/\/memodio-app.com\/en\/wp-json\/wp\/v2\/comments?post=518"}],"version-history":[{"count":67,"href":"https:\/\/memodio-app.com\/en\/wp-json\/wp\/v2\/pages\/518\/revisions"}],"predecessor-version":[{"id":3245,"href":"https:\/\/memodio-app.com\/en\/wp-json\/wp\/v2\/pages\/518\/revisions\/3245"}],"wp:attachment":[{"href":"https:\/\/memodio-app.com\/en\/wp-json\/wp\/v2\/media?parent=518"}],"curies":[{"name":"wp","href":"https:\/\/api.w.org\/{rel}","templated":true}]}}