{"id":1255,"date":"2025-08-25T19:55:47","date_gmt":"2025-08-25T19:55:47","guid":{"rendered":"https:\/\/memodio-app.com\/?page_id=1255"},"modified":"2025-12-04T16:12:35","modified_gmt":"2025-12-04T16:12:35","slug":"mobil-krankenkasse","status":"publish","type":"page","link":"https:\/\/memodio-app.com\/en\/mobil-krankenkasse\/","title":{"rendered":"Mobile Krankenkasse"},"content":{"rendered":"<div data-elementor-type=\"wp-page\" data-elementor-id=\"1255\" class=\"elementor elementor-1255\" data-elementor-post-type=\"page\">\n\t\t\t\t<div class=\"elementor-element elementor-element-f377075 e-flex e-con-boxed e-con e-parent\" data-id=\"f377075\" data-element_type=\"container\" data-e-type=\"container\">\n\t\t\t\t\t<div class=\"e-con-inner\">\n\t\t<div class=\"elementor-element elementor-element-296fd9c e-con-full e-flex e-con e-child\" data-id=\"296fd9c\" data-element_type=\"container\" data-e-type=\"container\">\n\t\t<div class=\"elementor-element elementor-element-cde5822 e-con-full e-flex e-con e-child\" data-id=\"cde5822\" data-element_type=\"container\" data-e-type=\"container\">\n\t\t\t\t<div class=\"elementor-element elementor-element-ee2bdc1 elementor-widget elementor-widget-heading\" data-id=\"ee2bdc1\" data-element_type=\"widget\" data-e-type=\"widget\" data-widget_type=\"heading.default\">\n\t\t\t\t\t<h1 class=\"elementor-heading-title elementor-size-default\">Jetzt f\u00fcr alle Versicherten der Mobil Krankenkasse<\/h1>\t\t\t\t<\/div>\n\t\t\t\t<div class=\"elementor-element elementor-element-ca1ec9d elementor-widget elementor-widget-text-editor\" data-id=\"ca1ec9d\" data-element_type=\"widget\" data-e-type=\"widget\" data-widget_type=\"text-editor.default\">\n\t\t\t\t\t\t\t\t\t<p>memodio wird ab sofort vollst\u00e4ndig von der Mobil Krankenkasse erstattet! Mehr Informationen unter<\/p><p><strong>0331 769 950 33<\/strong><\/p>\t\t\t\t\t\t\t\t<\/div>\n\t\t\t\t<div class=\"elementor-element elementor-element-4c20d6d elementor-align-center elementor-widget elementor-widget-button\" data-id=\"4c20d6d\" data-element_type=\"widget\" data-e-type=\"widget\" data-widget_type=\"button.default\">\n\t\t\t\t\t\t\t\t\t\t<a class=\"elementor-button elementor-button-link elementor-size-sm\" href=\"#mobile-insurance-section\">\n\t\t\t\t\t\t<span class=\"elementor-button-content-wrapper\">\n\t\t\t\t\t\t\t\t\t<span class=\"elementor-button-text\">Mehr erfahren<\/span>\n\t\t\t\t\t<\/span>\n\t\t\t\t\t<\/a>\n\t\t\t\t\t\t\t\t<\/div>\n\t\t\t\t<\/div>\n\t\t<div class=\"elementor-element elementor-element-9cc5523 e-con-full e-flex e-con e-child\" data-id=\"9cc5523\" data-element_type=\"container\" data-e-type=\"container\">\n\t\t\t\t<div class=\"elementor-element elementor-element-2aaa75f elementor-widget elementor-widget-image\" data-id=\"2aaa75f\" data-element_type=\"widget\" data-e-type=\"widget\" data-widget_type=\"image.default\">\n\t\t\t\t\t\t\t\t\t\t\t\t\t\t\t<img fetchpriority=\"high\" decoding=\"async\" width=\"649\" height=\"264\" src=\"https:\/\/memodio-app.com\/wp-content\/uploads\/2025\/08\/mobil.svg\" class=\"attachment-1536x1536 size-1536x1536 wp-image-1272\" alt=\"\" \/>\t\t\t\t\t\t\t\t\t\t\t\t\t\t\t<\/div>\n\t\t\t\t<\/div>\n\t\t\t\t<\/div>\n\t\t\t\t\t<\/div>\n\t\t\t\t<\/div>\n\t\t<div class=\"elementor-element elementor-element-7887f5d background-image e-flex e-con-boxed e-con e-parent\" data-id=\"7887f5d\" data-element_type=\"container\" data-e-type=\"container\" data-settings=\"{&quot;background_background&quot;:&quot;classic&quot;}\">\n\t\t\t\t\t<div class=\"e-con-inner\">\n\t\t\t\t\t<\/div>\n\t\t\t\t<\/div>\n\t\t<div class=\"elementor-element elementor-element-6c43af2 e-flex e-con-boxed e-con e-parent\" data-id=\"6c43af2\" data-element_type=\"container\" data-e-type=\"container\" id=\"mobile-insurance-section\" data-settings=\"{&quot;background_background&quot;:&quot;classic&quot;}\">\n\t\t\t\t\t<div class=\"e-con-inner\">\n\t\t\t\t<div class=\"elementor-element elementor-element-3785edb elementor-widget elementor-widget-heading\" data-id=\"3785edb\" data-element_type=\"widget\" data-e-type=\"widget\" data-widget_type=\"heading.default\">\n\t\t\t\t\t<h1 class=\"elementor-heading-title elementor-size-default\">So einfach geht's<\/h1>\t\t\t\t<\/div>\n\t\t\t\t<div class=\"elementor-element elementor-element-3ea8dcc elementor-widget elementor-widget-text-editor\" data-id=\"3ea8dcc\" data-element_type=\"widget\" data-e-type=\"widget\" data-widget_type=\"text-editor.default\">\n\t\t\t\t\t\t\t\t\t<p class=\"explanation mt-5\" style=\"box-sizing: inherit; margin-bottom: 0px; color: #4a4a4a; font-family: 'Spline Sans', serif; font-size: 16px; font-style: normal; font-weight: 400; margin-top: 1.5rem !important;\" data-v-ebb65e3b=\"\">Die Mobil Krankenkasse erstattet ihren Mitgliedern ab sofort einen 6-monatigen Zugang zur memodio-App! Und so geht&#8217;s:<\/p><div class=\"demonstrate-two-versions\" style=\"box-sizing: inherit; color: #4a4a4a; font-family: 'Spline Sans', serif;\" data-v-ebb65e3b=\"\">\u00a0<\/div>\t\t\t\t\t\t\t\t<\/div>\n\t\t<div class=\"elementor-element elementor-element-b03a1f7 e-con-full e-flex e-con e-child\" data-id=\"b03a1f7\" data-element_type=\"container\" data-e-type=\"container\">\n\t\t<div class=\"elementor-element elementor-element-320f697 e-con-full e-flex e-con e-child\" data-id=\"320f697\" data-element_type=\"container\" data-e-type=\"container\" data-settings=\"{&quot;background_background&quot;:&quot;classic&quot;}\">\n\t\t\t\t<div class=\"elementor-element elementor-element-a7455a4 elementor-widget elementor-widget-heading\" data-id=\"a7455a4\" data-element_type=\"widget\" data-e-type=\"widget\" data-widget_type=\"heading.default\">\n\t\t\t\t\t<h3 class=\"elementor-heading-title elementor-size-default\">1. memodio-App herunterladen<\/h3>\t\t\t\t<\/div>\n\t\t\t\t<div class=\"elementor-element elementor-element-711abdc elementor-widget elementor-widget-text-editor\" data-id=\"711abdc\" data-element_type=\"widget\" data-e-type=\"widget\" data-widget_type=\"text-editor.default\">\n\t\t\t\t\t\t\t\t\t<p>Laden Sie die memodio-App herunter. Sie finden die App im PlayStore oder AppStore Ihres Smartphones oder Tablets, suchen Sie einfach nach &#8222;memodio&#8220;<\/p>\t\t\t\t\t\t\t\t<\/div>\n\t\t\t\t<\/div>\n\t\t<div class=\"elementor-element elementor-element-fa3cde5 e-con-full e-flex e-con e-child\" data-id=\"fa3cde5\" data-element_type=\"container\" data-e-type=\"container\" data-settings=\"{&quot;background_background&quot;:&quot;classic&quot;}\">\n\t\t\t\t<div class=\"elementor-element elementor-element-807f641 elementor-widget elementor-widget-heading\" data-id=\"807f641\" data-element_type=\"widget\" data-e-type=\"widget\" data-widget_type=\"heading.default\">\n\t\t\t\t\t<h3 class=\"elementor-heading-title elementor-size-default\">2. Krankenkassen-Daten eintragen<\/h3>\t\t\t\t<\/div>\n\t\t\t\t<div class=\"elementor-element elementor-element-08d028e elementor-widget elementor-widget-text-editor\" data-id=\"08d028e\" data-element_type=\"widget\" data-e-type=\"widget\" data-widget_type=\"text-editor.default\">\n\t\t\t\t\t\t\t\t\t<p>Tragen Sie Ihre Krankenkassen-Daten in der App ein und geben Sie an, dass Sie bei der Mobil Krankenkasse versichert sind.<\/p>\t\t\t\t\t\t\t\t<\/div>\n\t\t\t\t<\/div>\n\t\t<div class=\"elementor-element elementor-element-51bc89b e-con-full e-flex e-con e-child\" data-id=\"51bc89b\" data-element_type=\"container\" data-e-type=\"container\" data-settings=\"{&quot;background_background&quot;:&quot;classic&quot;}\">\n\t\t\t\t<div class=\"elementor-element elementor-element-c2ac4f3 elementor-widget elementor-widget-heading\" data-id=\"c2ac4f3\" data-element_type=\"widget\" data-e-type=\"widget\" data-widget_type=\"heading.default\">\n\t\t\t\t\t<h3 class=\"elementor-heading-title elementor-size-default\">3. memodio kostenlos nutzen<\/h3>\t\t\t\t<\/div>\n\t\t\t\t<div class=\"elementor-element elementor-element-bcd98a5 elementor-widget elementor-widget-text-editor\" data-id=\"bcd98a5\" data-element_type=\"widget\" data-e-type=\"widget\" data-widget_type=\"text-editor.default\">\n\t\t\t\t\t\t\t\t\t<p><span style=\"color: #4a4a4a; font-family: Spline Sans, serif;\">Nach erfolgreicher Pr\u00fcfung k\u00f6nnen Sie memodio kostenlos nutzen. Sie erhalten Zugang zu allen Funktionen der App, zun\u00e4chst f\u00fcr ein halbes Jahr.<\/span><\/p>\t\t\t\t\t\t\t\t<\/div>\n\t\t\t\t<\/div>\n\t\t\t\t<\/div>\n\t\t\t\t\t<\/div>\n\t\t\t\t<\/div>\n\t\t<div class=\"elementor-element elementor-element-225c022 e-flex e-con-boxed e-con e-parent\" data-id=\"225c022\" data-element_type=\"container\" data-e-type=\"container\">\n\t\t\t\t\t<div class=\"e-con-inner\">\n\t\t\t\t<div class=\"elementor-element elementor-element-1d609d6 elementor-widget elementor-widget-heading\" data-id=\"1d609d6\" data-element_type=\"widget\" data-e-type=\"widget\" data-widget_type=\"heading.default\">\n\t\t\t\t\t<h2 class=\"elementor-heading-title elementor-size-default\">H\u00e4ufig gestellte Fragen (FAQ)<\/h2>\t\t\t\t<\/div>\n\t\t\t\t<div class=\"elementor-element elementor-element-e33c7db elementor-widget elementor-widget-text-editor\" data-id=\"e33c7db\" data-element_type=\"widget\" data-e-type=\"widget\" data-widget_type=\"text-editor.default\">\n\t\t\t\t\t\t\t\t\t<p><span style=\"color: #4a4a4a; font-family: 'Spline Sans', serif; text-align: center;\">Wir beantworten die h\u00e4ufigsten Fragen zur Erstattung der AOK PLUS<\/span><\/p>\t\t\t\t\t\t\t\t<\/div>\n\t\t\t\t<div class=\"elementor-element elementor-element-4552921 elementor-widget elementor-widget-text-editor\" data-id=\"4552921\" data-element_type=\"widget\" data-e-type=\"widget\" data-widget_type=\"text-editor.default\">\n\t\t\t\t\t\t\t\t\t<div class=\"question-title\" style=\"box-sizing: inherit; align-items: center; display: flex; justify-content: space-between; color: #4a4a4a; font-family: 'Spline Sans', serif;\" data-v-bfd5bd61=\"\"><h3 style=\"box-sizing: inherit; margin-bottom: 0px; padding-top: 1.5rem; padding-bottom: 1.5rem; font-size: 1.125rem;\" data-v-bfd5bd61=\"\">Entstehen Kosten?<\/h3><\/div><p style=\"box-sizing: inherit; margin-bottom: 0px; color: #4a4a4a; font-family: 'Spline Sans', serif; font-size: 16px; font-style: normal; font-weight: 400;\" data-v-bfd5bd61=\"\">Es entstehen Ihnen in keinem Fall Kosten. Dies ist ein Angebot Ihrer Mobil Krankenkasse!<\/p>\t\t\t\t\t\t\t\t<\/div>\n\t\t\t\t<div class=\"elementor-element elementor-element-e741f51 elementor-widget-divider--view-line elementor-widget elementor-widget-divider\" data-id=\"e741f51\" data-element_type=\"widget\" data-e-type=\"widget\" data-widget_type=\"divider.default\">\n\t\t\t\t\t\t\t<div class=\"elementor-divider\">\n\t\t\t<span class=\"elementor-divider-separator\">\n\t\t\t\t\t\t<\/span>\n\t\t<\/div>\n\t\t\t\t\t\t<\/div>\n\t\t\t\t<div class=\"elementor-element elementor-element-51e46be elementor-widget elementor-widget-text-editor\" data-id=\"51e46be\" data-element_type=\"widget\" data-e-type=\"widget\" data-widget_type=\"text-editor.default\">\n\t\t\t\t\t\t\t\t\t<div class=\"question-title\" style=\"box-sizing: inherit; align-items: center; display: flex; justify-content: space-between; color: #4a4a4a; font-family: 'Spline Sans', serif;\" data-v-bfd5bd61=\"\"><h3 data-v-bfd5bd61=\"\">Was ist die memodio-App?<\/h3><\/div><p style=\"box-sizing: inherit; margin-bottom: 0px; color: #4a4a4a; font-family: 'Spline Sans', serif; font-size: 16px; font-style: normal; font-weight: 400;\" data-v-bfd5bd61=\"\">Die memodio-App ist eine App zur Pr\u00e4vention von Demenz. Sie ist ein zertifiziertes Medizinprodukt und wurde von einem Team aus Wissenschaftlern\/innen und Fachexpert\/innen auf Basis wissenschaftlicher Studien erstellt. Die App ist f\u00fcr Android und iOS Smartphones sowie Tablets verf\u00fcgbar.<\/p>\t\t\t\t\t\t\t\t<\/div>\n\t\t\t\t<div class=\"elementor-element elementor-element-a1ba306 elementor-widget-divider--view-line elementor-widget elementor-widget-divider\" data-id=\"a1ba306\" data-element_type=\"widget\" data-e-type=\"widget\" data-widget_type=\"divider.default\">\n\t\t\t\t\t\t\t<div class=\"elementor-divider\">\n\t\t\t<span class=\"elementor-divider-separator\">\n\t\t\t\t\t\t<\/span>\n\t\t<\/div>\n\t\t\t\t\t\t<\/div>\n\t\t\t\t<div class=\"elementor-element elementor-element-f8edb0f elementor-widget elementor-widget-text-editor\" data-id=\"f8edb0f\" data-element_type=\"widget\" data-e-type=\"widget\" data-widget_type=\"text-editor.default\">\n\t\t\t\t\t\t\t\t\t<div class=\"question-title\" style=\"box-sizing: inherit; align-items: center; display: flex; justify-content: space-between; color: #4a4a4a; font-family: 'Spline Sans', serif;\" data-v-bfd5bd61=\"\"><h3 data-v-bfd5bd61=\"\">Ich habe Fragen oder Probleme mit dem Prozess. Was kann ich tun?<\/h3><\/div><p style=\"box-sizing: inherit; margin-bottom: 0px; color: #4a4a4a; font-family: 'Spline Sans', serif; font-size: 16px; font-style: normal; font-weight: 400;\" data-v-bfd5bd61=\"\">Sollten Sie Probleme haben, k\u00f6nnen Sie sich gerne unter der untenstehenden Telefonnummer oder per Mail an support@memodio-app.com an uns wenden. Wir helfen Ihnen gerne weiter.<\/p>\t\t\t\t\t\t\t\t<\/div>\n\t\t\t\t<div class=\"elementor-element elementor-element-c9a95af elementor-widget-divider--view-line elementor-widget elementor-widget-divider\" data-id=\"c9a95af\" data-element_type=\"widget\" data-e-type=\"widget\" data-widget_type=\"divider.default\">\n\t\t\t\t\t\t\t<div class=\"elementor-divider\">\n\t\t\t<span class=\"elementor-divider-separator\">\n\t\t\t\t\t\t<\/span>\n\t\t<\/div>\n\t\t\t\t\t\t<\/div>\n\t\t<div class=\"elementor-element elementor-element-591b978 e-con-full e-flex e-con e-child\" data-id=\"591b978\" data-element_type=\"container\" data-e-type=\"container\" data-settings=\"{&quot;background_background&quot;:&quot;classic&quot;}\">\n\t\t\t\t<div class=\"elementor-element elementor-element-e03a8ee elementor-widget elementor-widget-text-editor\" data-id=\"e03a8ee\" data-element_type=\"widget\" data-e-type=\"widget\" data-widget_type=\"text-editor.default\">\n\t\t\t\t\t\t\t\t\t<h3 class=\"title\" style=\"box-sizing: inherit; margin-bottom: 1.5rem; font-size: 1.25rem; word-break: break-word; color: #363636; line-height: 1.125; font-family: 'Spline Sans', serif; font-style: normal; text-align: center;\" data-v-32d9a1ff=\"\">Sie haben noch weitere Fragen?<\/h3><p class=\"my-3\" style=\"box-sizing: inherit; color: #4a4a4a; font-family: 'Spline Sans', serif; font-size: 16px; font-style: normal; font-weight: 400; text-align: center; margin-top: 0.75rem !important; margin-bottom: 0.75rem !important;\" data-v-32d9a1ff=\"\">Gerne helfen wir Ihnen bei weiteren Fragen zur memodio-App und zum Erstattungsprozess unter<\/p><p class=\"title is-3\" style=\"box-sizing: inherit; margin-bottom: 1.5rem; word-break: break-word; color: #363636; font-size: 1.25rem; font-weight: 600; line-height: 1.125; font-family: 'Spline Sans', serif; font-style: normal; text-align: center;\" data-v-32d9a1ff=\"\">0331 769 950 33 oder support@memodio-app.com.<\/p>\t\t\t\t\t\t\t\t<\/div>\n\t\t\t\t<\/div>\n\t\t\t\t\t<\/div>\n\t\t\t\t<\/div>\n\t\t\t\t<\/div>","protected":false},"excerpt":{"rendered":"<p>Jetzt f\u00fcr alle Versicherten der Mobil Krankenkasse memodio wird ab sofort vollst\u00e4ndig von der Mobil Krankenkasse erstattet! Mehr Informationen unter 0331 769 950 33 Mehr erfahren So einfach geht&#8217;s Die Mobil Krankenkasse erstattet ihren Mitgliedern ab sofort einen 6-monatigen Zugang zur memodio-App! Und so geht&#8217;s: \u00a0 1. memodio-App herunterladen Laden Sie die memodio-App herunter. Sie [&hellip;]<\/p>\n","protected":false},"author":2,"featured_media":0,"parent":0,"menu_order":0,"comment_status":"closed","ping_status":"closed","template":"","meta":{"footnotes":""},"class_list":["post-1255","page","type-page","status-publish","hentry"],"yoast_head":"<!-- This site is optimized with the Yoast SEO plugin v27.2 - https:\/\/yoast.com\/product\/yoast-seo-wordpress\/ -->\n<title>Mobile Krankenkasse - memodio<\/title>\n<meta name=\"robots\" content=\"index, follow, max-snippet:-1, max-image-preview:large, max-video-preview:-1\" \/>\n<link rel=\"canonical\" href=\"https:\/\/lime-camel-596070.hostingersite.com\/mobil-krankenkasse\/\" \/>\n<meta property=\"og:locale\" content=\"en_US\" \/>\n<meta property=\"og:type\" content=\"article\" \/>\n<meta property=\"og:title\" content=\"Mobile Krankenkasse - memodio\" \/>\n<meta property=\"og:description\" content=\"Jetzt f\u00fcr alle Versicherten der Mobil Krankenkasse memodio wird ab sofort vollst\u00e4ndig von der Mobil Krankenkasse erstattet! Mehr Informationen unter 0331 769 950 33 Mehr erfahren So einfach geht&#8217;s Die Mobil Krankenkasse erstattet ihren Mitgliedern ab sofort einen 6-monatigen Zugang zur memodio-App! Und so geht&#8217;s: \u00a0 1. memodio-App herunterladen Laden Sie die memodio-App herunter. Sie [&hellip;]\" \/>\n<meta property=\"og:url\" content=\"https:\/\/lime-camel-596070.hostingersite.com\/mobil-krankenkasse\/\" \/>\n<meta property=\"og:site_name\" content=\"memodio\" \/>\n<meta property=\"article:modified_time\" content=\"2025-12-04T16:12:35+00:00\" \/>\n<meta property=\"og:image\" content=\"https:\/\/memodio-app.com\/wp-content\/uploads\/2025\/08\/mobil.svg\" \/>\n<meta name=\"twitter:card\" content=\"summary_large_image\" \/>\n<meta name=\"twitter:label1\" content=\"Est. reading time\" \/>\n\t<meta name=\"twitter:data1\" content=\"2 minutes\" \/>\n<script type=\"application\/ld+json\" class=\"yoast-schema-graph\">{\"@context\":\"https:\/\/schema.org\",\"@graph\":[{\"@type\":\"WebPage\",\"@id\":\"https:\/\/lime-camel-596070.hostingersite.com\/mobil-krankenkasse\/\",\"url\":\"https:\/\/lime-camel-596070.hostingersite.com\/mobil-krankenkasse\/\",\"name\":\"Mobile Krankenkasse - memodio\",\"isPartOf\":{\"@id\":\"https:\/\/lime-camel-596070.hostingersite.com\/#website\"},\"primaryImageOfPage\":{\"@id\":\"https:\/\/lime-camel-596070.hostingersite.com\/mobil-krankenkasse\/#primaryimage\"},\"image\":{\"@id\":\"https:\/\/lime-camel-596070.hostingersite.com\/mobil-krankenkasse\/#primaryimage\"},\"thumbnailUrl\":\"https:\/\/memodio-app.com\/wp-content\/uploads\/2025\/08\/mobil.svg\",\"datePublished\":\"2025-08-25T19:55:47+00:00\",\"dateModified\":\"2025-12-04T16:12:35+00:00\",\"breadcrumb\":{\"@id\":\"https:\/\/lime-camel-596070.hostingersite.com\/mobil-krankenkasse\/#breadcrumb\"},\"inLanguage\":\"en-US\",\"potentialAction\":[{\"@type\":\"ReadAction\",\"target\":[\"https:\/\/lime-camel-596070.hostingersite.com\/mobil-krankenkasse\/\"]}]},{\"@type\":\"ImageObject\",\"inLanguage\":\"en-US\",\"@id\":\"https:\/\/lime-camel-596070.hostingersite.com\/mobil-krankenkasse\/#primaryimage\",\"url\":\"https:\/\/memodio-app.com\/wp-content\/uploads\/2025\/08\/mobil.svg\",\"contentUrl\":\"https:\/\/memodio-app.com\/wp-content\/uploads\/2025\/08\/mobil.svg\"},{\"@type\":\"BreadcrumbList\",\"@id\":\"https:\/\/lime-camel-596070.hostingersite.com\/mobil-krankenkasse\/#breadcrumb\",\"itemListElement\":[{\"@type\":\"ListItem\",\"position\":1,\"name\":\"Home\",\"item\":\"https:\/\/memodio-app.com\/\"},{\"@type\":\"ListItem\",\"position\":2,\"name\":\"Mobile Krankenkasse\"}]},{\"@type\":\"WebSite\",\"@id\":\"https:\/\/lime-camel-596070.hostingersite.com\/#website\",\"url\":\"https:\/\/lime-camel-596070.hostingersite.com\/\",\"name\":\"memodio\",\"description\":\"\",\"publisher\":{\"@id\":\"https:\/\/lime-camel-596070.hostingersite.com\/#organization\"},\"potentialAction\":[{\"@type\":\"SearchAction\",\"target\":{\"@type\":\"EntryPoint\",\"urlTemplate\":\"https:\/\/lime-camel-596070.hostingersite.com\/?s={search_term_string}\"},\"query-input\":{\"@type\":\"PropertyValueSpecification\",\"valueRequired\":true,\"valueName\":\"search_term_string\"}}],\"inLanguage\":\"en-US\"},{\"@type\":\"Organization\",\"@id\":\"https:\/\/lime-camel-596070.hostingersite.com\/#organization\",\"name\":\"memodio GmbH\",\"url\":\"https:\/\/lime-camel-596070.hostingersite.com\/\",\"logo\":{\"@type\":\"ImageObject\",\"inLanguage\":\"en-US\",\"@id\":\"https:\/\/lime-camel-596070.hostingersite.com\/#\/schema\/logo\/image\/\",\"url\":\"https:\/\/memodio-app.com\/wp-content\/uploads\/2025\/08\/logo_text_black.svg\",\"contentUrl\":\"https:\/\/memodio-app.com\/wp-content\/uploads\/2025\/08\/logo_text_black.svg\",\"width\":311,\"height\":64,\"caption\":\"memodio GmbH\"},\"image\":{\"@id\":\"https:\/\/lime-camel-596070.hostingersite.com\/#\/schema\/logo\/image\/\"}}]}<\/script>\n<!-- \/ Yoast SEO plugin. -->","yoast_head_json":{"title":"Mobile Krankenkasse - memodio","robots":{"index":"index","follow":"follow","max-snippet":"max-snippet:-1","max-image-preview":"max-image-preview:large","max-video-preview":"max-video-preview:-1"},"canonical":"https:\/\/lime-camel-596070.hostingersite.com\/mobil-krankenkasse\/","og_locale":"en_US","og_type":"article","og_title":"Mobile Krankenkasse - memodio","og_description":"Jetzt f\u00fcr alle Versicherten der Mobil Krankenkasse memodio wird ab sofort vollst\u00e4ndig von der Mobil Krankenkasse erstattet! Mehr Informationen unter 0331 769 950 33 Mehr erfahren So einfach geht&#8217;s Die Mobil Krankenkasse erstattet ihren Mitgliedern ab sofort einen 6-monatigen Zugang zur memodio-App! Und so geht&#8217;s: \u00a0 1. memodio-App herunterladen Laden Sie die memodio-App herunter. Sie [&hellip;]","og_url":"https:\/\/lime-camel-596070.hostingersite.com\/mobil-krankenkasse\/","og_site_name":"memodio","article_modified_time":"2025-12-04T16:12:35+00:00","og_image":[{"url":"https:\/\/memodio-app.com\/wp-content\/uploads\/2025\/08\/mobil.svg","type":"","width":"","height":""}],"twitter_card":"summary_large_image","twitter_misc":{"Est. reading time":"2 minutes"},"schema":{"@context":"https:\/\/schema.org","@graph":[{"@type":"WebPage","@id":"https:\/\/lime-camel-596070.hostingersite.com\/mobil-krankenkasse\/","url":"https:\/\/lime-camel-596070.hostingersite.com\/mobil-krankenkasse\/","name":"Mobile Krankenkasse - memodio","isPartOf":{"@id":"https:\/\/lime-camel-596070.hostingersite.com\/#website"},"primaryImageOfPage":{"@id":"https:\/\/lime-camel-596070.hostingersite.com\/mobil-krankenkasse\/#primaryimage"},"image":{"@id":"https:\/\/lime-camel-596070.hostingersite.com\/mobil-krankenkasse\/#primaryimage"},"thumbnailUrl":"https:\/\/memodio-app.com\/wp-content\/uploads\/2025\/08\/mobil.svg","datePublished":"2025-08-25T19:55:47+00:00","dateModified":"2025-12-04T16:12:35+00:00","breadcrumb":{"@id":"https:\/\/lime-camel-596070.hostingersite.com\/mobil-krankenkasse\/#breadcrumb"},"inLanguage":"en-US","potentialAction":[{"@type":"ReadAction","target":["https:\/\/lime-camel-596070.hostingersite.com\/mobil-krankenkasse\/"]}]},{"@type":"ImageObject","inLanguage":"en-US","@id":"https:\/\/lime-camel-596070.hostingersite.com\/mobil-krankenkasse\/#primaryimage","url":"https:\/\/memodio-app.com\/wp-content\/uploads\/2025\/08\/mobil.svg","contentUrl":"https:\/\/memodio-app.com\/wp-content\/uploads\/2025\/08\/mobil.svg"},{"@type":"BreadcrumbList","@id":"https:\/\/lime-camel-596070.hostingersite.com\/mobil-krankenkasse\/#breadcrumb","itemListElement":[{"@type":"ListItem","position":1,"name":"Home","item":"https:\/\/memodio-app.com\/"},{"@type":"ListItem","position":2,"name":"Mobile Krankenkasse"}]},{"@type":"WebSite","@id":"https:\/\/lime-camel-596070.hostingersite.com\/#website","url":"https:\/\/lime-camel-596070.hostingersite.com\/","name":"memodio","description":"","publisher":{"@id":"https:\/\/lime-camel-596070.hostingersite.com\/#organization"},"potentialAction":[{"@type":"SearchAction","target":{"@type":"EntryPoint","urlTemplate":"https:\/\/lime-camel-596070.hostingersite.com\/?s={search_term_string}"},"query-input":{"@type":"PropertyValueSpecification","valueRequired":true,"valueName":"search_term_string"}}],"inLanguage":"en-US"},{"@type":"Organization","@id":"https:\/\/lime-camel-596070.hostingersite.com\/#organization","name":"memodio GmbH","url":"https:\/\/lime-camel-596070.hostingersite.com\/","logo":{"@type":"ImageObject","inLanguage":"en-US","@id":"https:\/\/lime-camel-596070.hostingersite.com\/#\/schema\/logo\/image\/","url":"https:\/\/memodio-app.com\/wp-content\/uploads\/2025\/08\/logo_text_black.svg","contentUrl":"https:\/\/memodio-app.com\/wp-content\/uploads\/2025\/08\/logo_text_black.svg","width":311,"height":64,"caption":"memodio GmbH"},"image":{"@id":"https:\/\/lime-camel-596070.hostingersite.com\/#\/schema\/logo\/image\/"}}]}},"_links":{"self":[{"href":"https:\/\/memodio-app.com\/en\/wp-json\/wp\/v2\/pages\/1255","targetHints":{"allow":["GET"]}}],"collection":[{"href":"https:\/\/memodio-app.com\/en\/wp-json\/wp\/v2\/pages"}],"about":[{"href":"https:\/\/memodio-app.com\/en\/wp-json\/wp\/v2\/types\/page"}],"author":[{"embeddable":true,"href":"https:\/\/memodio-app.com\/en\/wp-json\/wp\/v2\/users\/2"}],"replies":[{"embeddable":true,"href":"https:\/\/memodio-app.com\/en\/wp-json\/wp\/v2\/comments?post=1255"}],"version-history":[{"count":22,"href":"https:\/\/memodio-app.com\/en\/wp-json\/wp\/v2\/pages\/1255\/revisions"}],"predecessor-version":[{"id":3104,"href":"https:\/\/memodio-app.com\/en\/wp-json\/wp\/v2\/pages\/1255\/revisions\/3104"}],"wp:attachment":[{"href":"https:\/\/memodio-app.com\/en\/wp-json\/wp\/v2\/media?parent=1255"}],"curies":[{"name":"wp","href":"https:\/\/api.w.org\/{rel}","templated":true}]}}